{"id":157,"date":"2024-09-25T13:01:28","date_gmt":"2024-09-25T11:01:28","guid":{"rendered":"https:\/\/practicasamezti.com\/vitoria\/registrar\/"},"modified":"2025-04-07T21:02:17","modified_gmt":"2025-04-07T19:02:17","slug":"registrar","status":"publish","type":"page","link":"https:\/\/practicasamezti.com\/vitoria\/registrar\/","title":{"rendered":"Registrar"},"content":{"rendered":"\t\t<div data-elementor-type=\"wp-page\" data-elementor-id=\"157\" class=\"elementor elementor-157\" data-elementor-post-type=\"page\">\n\t\t\t\t\t\t<section data-particle_enable=\"false\" data-particle-mobile-disabled=\"false\" class=\"elementor-section elementor-top-section elementor-element elementor-element-e148046 elementor-section-height-min-height elementor-section-items-stretch elementor-section-boxed elementor-section-height-default\" data-id=\"e148046\" data-element_type=\"section\" data-e-type=\"section\">\n\t\t\t\t\t\t<div class=\"elementor-container elementor-column-gap-default\">\n\t\t\t\t\t<div class=\"elementor-column elementor-col-50 elementor-top-column elementor-element elementor-element-940b4ae\" data-id=\"940b4ae\" data-element_type=\"column\" data-e-type=\"column\" data-settings=\"{&quot;background_background&quot;:&quot;classic&quot;}\">\n\t\t\t<div class=\"elementor-widget-wrap elementor-element-populated\">\n\t\t\t\t\t\t<div class=\"elementor-element elementor-element-c903377 elementor-widget elementor-widget-heading\" data-id=\"c903377\" data-element_type=\"widget\" data-e-type=\"widget\" data-widget_type=\"heading.default\">\n\t\t\t\t<div class=\"elementor-widget-container\">\n\t\t\t\t\t<h2 class=\"elementor-heading-title elementor-size-default\">\n\nIniciar sesi\u00f3n<\/h2>\t\t\t\t<\/div>\n\t\t\t\t<\/div>\n\t\t\t\t<div class=\"elementor-element elementor-element-e70dc17 elementor-widget elementor-widget-eael-login-register\" data-id=\"e70dc17\" data-element_type=\"widget\" data-e-type=\"widget\" data-widget_type=\"eael-login-register.default\">\n\t\t\t\t<div class=\"elementor-widget-container\">\n\t\t\t\t\t        <div class=\"eael-login-registration-wrapper \"\n             data-is-ajax=\"yes\"\n             data-widget-id=\"e70dc17\"\n             data-page-id=\"157\"\n             data-recaptcha-sitekey=\"\"\n\t\t\t data-recaptcha-sitekey-v3=\"\"\n\t\t\t data-login-recaptcha-version=\"v2\"\n\t\t\t data-register-recaptcha-version=\"v2\"\n\t\t\t data-lostpassword-recaptcha-version=\"v2\"\n             data-redirect-to=\"https:\/\/practicasamezti.com\/vitoria\/donosti\/wp-admin\/\"\n             data-resetpassword-redirect-to=\"\"\n        >\n\t\t\t            <section id=\"eael-login-form-wrapper\" class=\"\" data-recaptcha-theme=\"light\" data-recaptcha-size=\"normal\">\n                <div class=\"eael-login-form-wrapper eael-lr-form-wrapper style-2 lr-icon-showing\">\n\t\t\t\t\t                        <div class=\"lr-form-wrapper\">\n\t\t\t\t\t\t\t\t\t\t\t\t\t\t                            <form class=\"eael-login-form eael-lr-form\"\n                                  id=\"eael-login-form\"\n                                  method=\"post\">\n\t\t\t\t\t\t\t\t                                <div class=\"eael-lr-form-group eael-user-login\">\n\t\t\t\t\t\t\t\t\t<label for=\"eael-user-login\" class=\"eael-field-label\">Nombre de usuario o direcci\u00f3n de correo electr\u00f3nico<\/label>                                    <input type=\"text\"\n                                           name=\"eael-user-login\"\n                                           id=\"eael-user-login\"\n                                           class=\"eael-lr-form-control\"\n                                           placeholder=\"Nombre de usuario o direcci\u00f3n de correo electr\u00f3nico\"\n                                           required autocomplete=\"username email\">\n\t\t\t\t\t\t\t\t\t<i class=\"fas fa-user\"><\/i>                                <\/div>\n                                <div class=\"eael-lr-form-group eael-user-password\">\n\t\t\t\t\t\t\t\t\t<label for=\"eael-user-password\" class=\"eael-field-label\">Contrase\u00f1a<\/label>                                    <div class=\"eael-lr-password-wrapper\">\n                                        <input type=\"password\"\n                                               name=\"eael-user-password\"\n                                               class=\"eael-lr-form-control\"\n                                               id=\"eael-user-password\"\n                                               placeholder=\"Contrase\u00f1a\"\n                                               required autocomplete=\"current-password\">\n\t\t\t\t\t\t\t\t\t\t                                            <button type=\"button\"\n                                                    id=\"wp-hide-pw\"\n                                                    class=\"wp-hide-pw hide-if-no-js\"\n                                                    aria-label=\"Show password\">\n                                                <span class=\"dashicons dashicons-visibility\"\n                                                      aria-hidden=\"true\"><\/span>\n                                            <\/button>\n\t\t\t\t\t\t\t\t\t\t\t\t\t\t\t\t\t\t\t\t<i class=\"fas fa-lock\"><\/i>                                    <\/div>\n                                <\/div>\n                                <div class=\"eael-forever-forget eael-lr-form-group\">\n\t\t\t\t\t\t\t\t\t                                        <p class=\"forget-menot\">\n                                            <input name=\"eael-rememberme\" type=\"checkbox\" id=\"rememberme\"  class=\"remember-me lr-checkbox\" value=\"forever\">\n                                            <label for=\"rememberme\" class=\"eael-checkbox-label rememberme\">Recu\u00e9rdame<\/label>\n                                        <\/p>\n\t\t\t\t\t\t\t\t\t<p class=\"forget-pass\"><a id=\"eael-lr-lostpassword-toggle\" href=\"\" data-action=\"form\">\u00bfHas olvidado la contrase\u00f1a?<\/a><\/p>\n                                <\/div>\n\n\t\t\t\t\t\t\t\t\n\n                                <div class=\"eael-lr-footer\">\n\t\t\t\t\t\t\t\t\t<div class=\"eael-lr-form-loader-wrapper\">\n\t\t\t\t\t\t\t\t\t\t<button type=\"submit\" name=\"eael-login-submit\" id=\"eael-login-submit\" class=\"g-recaptcha eael-lr-btn eael-lr-btn-block \">\n\t\t\t\t\t\t\t\t\t\t\tAcceder\t\t\t\t\t\t\t\t\t\t<\/button>\n\t\t\t\t\t\t\t\t\t\t\n\t\t\t\t\t\t\t\t\t\t\n\t\t\t\t\t\t\t\t\t<\/div>\n\t\t\t\t\t\t\t\t\t                                        <div class=\"eael-sign-wrapper \">\n\t\t\t\t\t\t\t\t\t\t\t<span class=\"d-ib\"><\/span> <a href=\"https:\/\/practicasamezti.com\/vitoria\/\" id=\"eael-lr-reg-toggle\" class=\"eael-lr-link\" data-action=\"custom\"> Reg\u00edstrate ahora<\/a>                                        <\/div>\n\t\t\t\t\t\t\t\t\t\n                                <\/div>\n\t\t\t\t\t\t\t\t<div class=\"eael-form-validation-container\"><\/div>                <input type=\"hidden\"\n                       name=\"redirect_to\"\n                       value=\"https:\/\/practicasamezti.com\/vitoria\/donosti\/wp-admin\/\">\n\t\t\t<input type=\"hidden\" id=\"eael-login-nonce\" name=\"eael-login-nonce\" value=\"197196e8c8\" \/><input type=\"hidden\" name=\"_wp_http_referer\" value=\"\/vitoria\/wp-json\/wp\/v2\/pages\/157\" \/>        <input type=\"hidden\"\n               name=\"page_id\"\n               value=\"157\">\n\t\t<input type=\"hidden\"\n               name=\"page_id_for_popup\"\n               value=\"157\">\t   \n\t\t<input type=\"hidden\"\n               name=\"resetpassword_in_popup_selector\"\n               value=\"\">\n        <input type=\"hidden\"\n               name=\"widget_id\"\n               value=\"e70dc17\">\n\t\t                            <\/form>\n\t\t\t\t\t\t\t                        <\/div>\n\t\t\t\t\t\t                <\/div>\n\n            <\/section>\n\n\t\t\t<script>\n\t\t\t\tjQuery(document).ready(function($){\n\t\t\t\t\tvar eael_get_login_status = localStorage.getItem( 'eael-is-login-form' );\n\t\t\t\t\tif( eael_get_login_status === 'true' ) {\n\t\t\t\t\t\tsetTimeout(function() {\n\t\t\t\t\t\t\tvar button = jQuery('[eael-login=\"yes\"]');\n\t\t\t\t\t\t\tif( ! button.hasClass('eael-clicked') ) {\n\t\t\t\t\t\t\t\tbutton.trigger('click').addClass('eael-clicked');\n\t\t\t\t\t\t\t}\n\t\t\t\t\t\t}, 100);\n\n\t\t\t\t\t\tsetTimeout(function() {\n\t\t\t\t\t\t\tjQuery('[eael-login=\"yes\"]').removeClass('eael-clicked')\n\t\t\t\t\t\t}, 500);\n\t\t\t\t\t}\n\t\t\t\t});\n\t\t\t<\/script>\n\t\t\t            <section\n                    id=\"eael-register-form-wrapper\"\n                    class=\"eael-lr-d-none\"\n                    data-recaptcha-theme=\"light\"\n                    data-recaptcha-size=\"normal\"\n                    data-use-weak-password=\"1\"\n                    data-password-min-length=\"\"\n                    data-password-one-uppercase=\"\"\n                    data-password-one-lowercase=\"\"\n                    data-password-one-number=\"\"\n                    data-password-one-special=\"\"\n\t\t\t\t\t>\n                <div class=\"eael-register-form-wrapper eael-lr-form-wrapper style-2 \">\n\t\t\t\t\t                    <div class=\"lr-form-wrapper\">\n\t\t\t\t\t\t                        <form class=\"eael-register-form eael-lr-form\"\n                              id=\"eael-register-form\"\n                              method=\"post\"\n\t\t\t\t\t\t\t  \t\t\t\t\t\t\t  >\n\t\t\t\t\t\t\t\t\t\t\t\t\t\t                                <div class=\"eael-lr-form-group elementor-repeater-item-b9dbed6 eael-field-type-user_name\">\n\t\t\t\t\t\t\t\t\t<label for=\"form-field-user_name\" class=\"eael-field-label\">Nombre de usuario<\/label><input name=\"user_name\" type=\"text\" placeholder=\"Nombre de usuario\" class=\"eael-lr-form-control form-field-user_name\" id=\"form-field-user_name\">\n\t\t\t\t\t\t\t\t<\/div>                                <div class=\"eael-lr-form-group elementor-repeater-item-b73b409 eael-field-type-email\">\n\t\t\t\t\t\t\t\t\t<label for=\"form-field-email\" class=\"eael-field-label\">Correo electr\u00f3nico<\/label><input name=\"email\" type=\"email\" placeholder=\"Correo electr\u00f3nico\" class=\"eael-lr-form-control form-field-email\" id=\"form-field-email\" required=\"required\" aria-required=\"true\">\n\t\t\t\t\t\t\t\t<\/div>                                <div class=\"eael-lr-form-group elementor-repeater-item-39c2a46 eael-field-type-password\">\n\t\t\t\t\t\t\t\t\t<label for=\"form-field-password\" class=\"eael-field-label\">Contrase\u00f1a<\/label><div class=\"eael-lr-password-wrapper-register\"><input name=\"password\" type=\"password\" placeholder=\"Contrase\u00f1a\" class=\"eael-lr-form-control form-field-password\" id=\"form-field-password\" required=\"required\" aria-required=\"true\"><\/div>\n\t\t\t\t\t\t\t\t<\/div><input type=\"hidden\" id=\"eael-register-nonce\" name=\"eael-register-nonce\" value=\"7563838812\" \/><input type=\"hidden\" name=\"_wp_http_referer\" value=\"\/vitoria\/wp-json\/wp\/v2\/pages\/157\" \/>        <input type=\"hidden\"\n               name=\"page_id\"\n               value=\"157\">\n\t\t<input type=\"hidden\"\n               name=\"page_id_for_popup\"\n               value=\"157\">\t   \n\t\t<input type=\"hidden\"\n               name=\"resetpassword_in_popup_selector\"\n               value=\"\">\n        <input type=\"hidden\"\n               name=\"widget_id\"\n               value=\"e70dc17\">\n\t\t\n                            <div class=\"eael-lr-footer\">\n\t\t\t\t\t\t\t\t<div class=\"eael-lr-form-loader-wrapper\">\n\t\t\t\t\t\t\t\t\t<button type=\"submit\" name=\"eael-register-submit\" id=\"eael-register-submit\" class=\"eael-lr-btn eael-lr-btn-block\">\n\t\t\t\t\t\t\t\t\t\tRegistro\t\t\t\t\t\t\t\t\t<\/button>\n\t\t\t\t\t\t\t\t\t\t\n\t\t\t\t\t\t\t\t\t\n\t\t\t\t\t\t\t\t<\/div>\n\t\t\t\t\t\t\t\t                            <\/div>\n\n\t\t\t\t\t\t\t<div class=\"eael-form-validation-container\"><\/div>\t\t\t\t\t\t\t                        <\/form>\n\t\t\t\t\t\t                    <\/div>\n\t\t\t\t\t                <\/div>\n            <\/section>\n\t\t\t            <section\n                    id=\"eael-lostpassword-form-wrapper\"\n                    class=\"eael-lr-d-none\"\n\t\t\t\t\tdata-recaptcha-theme=\"light\"\n                    data-recaptcha-size=\"normal\"\n                    >\n                <div class=\"eael-lostpassword-form-wrapper eael-lr-form-wrapper style-2 \">\n\t\t\t\t\t\t\t\t\t\t<div class=\"lr-form-wrapper\">\n\t\t\t\t\t\t\t\t\t\t\t\t\t\t\t\t\t\t<form class=\"eael-lostpassword-form eael-lr-form\" id=\"eael-lostpassword-form\" method=\"post\">\n\t\t\t\t\t\t\t\t\t\t\t\t\t\t<div class=\"eael-lr-form-group \">\n\t\t\t\t\t\t\t\t<label for=\"eael-user-lostpassword\" class=\"eael-field-label\">Nombre de usuario o direcci\u00f3n de correo electr\u00f3nico<\/label>\t\t\t\t\t\t\t\t<input type=\"text\" name=\"eael-user-lostpassword\" id=\"eael-user-lostpassword\" class=\"eael-lr-form-control\" placeholder=\"Nombre de usuario o direcci\u00f3n de correo electr\u00f3nico\" required>\n\t\t\t\t\t\t\t\t\t\t\t\t\t\t\t<\/div>\n\n\t\t\t\t\t\t\t\n\t\t\t\t\t\t\t<div class=\"eael-lr-footer\">\n\t\t\t\t\t\t\t\t<button type=\"submit\" name=\"eael-lostpassword-submit\" id=\"eael-lostpassword-submit\" class=\"g-recaptcha eael-lr-btn eael-lr-btn-block   \">Restablecer la contrase\u00f1a<\/button>\n\t\t\t\t\t\t\t\t\t\t\t\t\t\t\t\t\t<div class=\"eael-sign-wrapper \">\n\t\t\t\t\t\t\t\t\t\t<span class=\"d-ib\"><\/span> <a href=\"\" id=\"eael-lr-login-toggle-lostpassword\" class=\"eael-lr-link\" data-action=\"form\">Acceder<\/a>\t\t\t\t\t\t\t\t\t<\/div>\n\t\t\t\t\t\t\t\t\n\t\t\t\t\t\t\t<\/div>\n\t\t\t\t\t\t\t<div class=\"eael-form-validation-container\"><\/div><input type=\"hidden\" id=\"eael-lostpassword-nonce\" name=\"eael-lostpassword-nonce\" value=\"a29de0bd6d\" \/><input type=\"hidden\" name=\"_wp_http_referer\" value=\"\/vitoria\/wp-json\/wp\/v2\/pages\/157\" \/>        <input type=\"hidden\"\n               name=\"page_id\"\n               value=\"157\">\n\t\t<input type=\"hidden\"\n               name=\"page_id_for_popup\"\n               value=\"157\">\t   \n\t\t<input type=\"hidden\"\n               name=\"resetpassword_in_popup_selector\"\n               value=\"\">\n        <input type=\"hidden\"\n               name=\"widget_id\"\n               value=\"e70dc17\">\n\t\t\t\t\t\t\t\t<\/form>\n\t\t\t\t\t\t\t\t\t\t\t<\/div>\n\t\t\t\t\t                <\/div>\n\n            <\/section>\n\t\t\t        <\/div>\n\n\t\t\t\t\t\t<\/div>\n\t\t\t\t<\/div>\n\t\t\t\t\t<\/div>\n\t\t<\/div>\n\t\t\t\t<div class=\"elementor-column elementor-col-50 elementor-top-column elementor-element elementor-element-728784b elementor-hidden-mobile\" data-id=\"728784b\" data-element_type=\"column\" data-e-type=\"column\" data-settings=\"{&quot;background_background&quot;:&quot;classic&quot;}\">\n\t\t\t<div class=\"elementor-widget-wrap elementor-element-populated\">\n\t\t\t\t\t\t<div class=\"elementor-element elementor-element-2fb5cd7 elementor-widget-tablet__width-initial elementor-widget elementor-widget-spacer\" data-id=\"2fb5cd7\" data-element_type=\"widget\" data-e-type=\"widget\" data-widget_type=\"spacer.default\">\n\t\t\t\t<div class=\"elementor-widget-container\">\n\t\t\t\t\t\t\t<div class=\"elementor-spacer\">\n\t\t\t<div class=\"elementor-spacer-inner\"><\/div>\n\t\t<\/div>\n\t\t\t\t\t\t<\/div>\n\t\t\t\t<\/div>\n\t\t\t\t\t<\/div>\n\t\t<\/div>\n\t\t\t\t\t<\/div>\n\t\t<\/section>\n\t\t\t\t<\/div>\n\t\t","protected":false},"excerpt":{"rendered":"<p>Iniciar sesi\u00f3n Ya est\u00e1s conectado como Amezti. (Salir) Nombre de usuario Correo electr\u00f3nico Contrase\u00f1a Nombre de usuario o direcci\u00f3n de [&hellip;]<\/p>\n","protected":false},"author":1,"featured_media":0,"parent":0,"menu_order":0,"comment_status":"closed","ping_status":"closed","template":"","meta":{"site-sidebar-layout":"default","site-content-layout":"","ast-site-content-layout":"default","site-content-style":"default","site-sidebar-style":"default","ast-global-header-display":"","ast-banner-title-visibility":"","ast-main-header-display":"","ast-hfb-above-header-display":"","ast-hfb-below-header-display":"","ast-hfb-mobile-header-display":"","site-post-title":"","ast-breadcrumbs-content":"","ast-featured-img":"","footer-sml-layout":"","ast-disable-related-posts":"","theme-transparent-header-meta":"","adv-header-id-meta":"","stick-header-meta":"","header-above-stick-meta":"","header-main-stick-meta":"","header-below-stick-meta":"","astra-migrate-meta-layouts":"default","ast-page-background-enabled":"default","ast-page-background-meta":{"desktop":{"background-color":"var(--ast-global-color-4)","background-image":"","background-repeat":"repeat","background-position":"center center","background-size":"auto","background-attachment":"scroll","background-type":"","background-media":"","overlay-type":"","overlay-color":"","overlay-opacity":"","overlay-gradient":""},"tablet":{"background-color":"","background-image":"","background-repeat":"repeat","background-position":"center center","background-size":"auto","background-attachment":"scroll","background-type":"","background-media":"","overlay-type":"","overlay-color":"","overlay-opacity":"","overlay-gradient":""},"mobile":{"background-color":"","background-image":"","background-repeat":"repeat","background-position":"center center","background-size":"auto","background-attachment":"scroll","background-type":"","background-media":"","overlay-type":"","overlay-color":"","overlay-opacity":"","overlay-gradient":""}},"ast-content-background-meta":{"desktop":{"background-color":"var(--ast-global-color-5)","background-image":"","background-repeat":"repeat","background-position":"center center","background-size":"auto","background-attachment":"scroll","background-type":"","background-media":"","overlay-type":"","overlay-color":"","overlay-opacity":"","overlay-gradient":""},"tablet":{"background-color":"var(--ast-global-color-5)","background-image":"","background-repeat":"repeat","background-position":"center center","background-size":"auto","background-attachment":"scroll","background-type":"","background-media":"","overlay-type":"","overlay-color":"","overlay-opacity":"","overlay-gradient":""},"mobile":{"background-color":"var(--ast-global-color-5)","background-image":"","background-repeat":"repeat","background-position":"center center","background-size":"auto","background-attachment":"scroll","background-type":"","background-media":"","overlay-type":"","overlay-color":"","overlay-opacity":"","overlay-gradient":""}},"footnotes":""},"class_list":["post-157","page","type-page","status-publish","hentry"],"_links":{"self":[{"href":"https:\/\/practicasamezti.com\/vitoria\/wp-json\/wp\/v2\/pages\/157","targetHints":{"allow":["GET"]}}],"collection":[{"href":"https:\/\/practicasamezti.com\/vitoria\/wp-json\/wp\/v2\/pages"}],"about":[{"href":"https:\/\/practicasamezti.com\/vitoria\/wp-json\/wp\/v2\/types\/page"}],"author":[{"embeddable":true,"href":"https:\/\/practicasamezti.com\/vitoria\/wp-json\/wp\/v2\/users\/1"}],"replies":[{"embeddable":true,"href":"https:\/\/practicasamezti.com\/vitoria\/wp-json\/wp\/v2\/comments?post=157"}],"version-history":[{"count":18,"href":"https:\/\/practicasamezti.com\/vitoria\/wp-json\/wp\/v2\/pages\/157\/revisions"}],"predecessor-version":[{"id":13488,"href":"https:\/\/practicasamezti.com\/vitoria\/wp-json\/wp\/v2\/pages\/157\/revisions\/13488"}],"wp:attachment":[{"href":"https:\/\/practicasamezti.com\/vitoria\/wp-json\/wp\/v2\/media?parent=157"}],"curies":[{"name":"wp","href":"https:\/\/api.w.org\/{rel}","templated":true}]}}